{"id":929,"date":"2020-04-27T17:15:20","date_gmt":"2020-04-27T17:15:20","guid":{"rendered":"https:\/\/homeygroupmallorca.com\/de\/inicio\/"},"modified":"2023-11-14T16:28:27","modified_gmt":"2023-11-14T16:28:27","slug":"inicio","status":"publish","type":"page","link":"https:\/\/homeygroupmallorca.com\/de\/","title":{"rendered":"HOME"},"content":{"rendered":"<div class=\"wpb-content-wrapper\"><p>[vc_row css=&#8220;.vc_custom_1595655344468{padding-top: 50px !important;}&#8220;][vc_column][vc_column_text css=&#8220;.vc_custom_1699979264277{padding-bottom: 30px !important;}&#8220;]<\/p>\n<h3 style=\"text-align: center;\">J\u00dcNGSTE PROJEKTE<\/h3>\n<p>[\/vc_column_text][vc_masonry_grid post_type=&#8220;portfolio&#8220; max_items=&#8220;6&#8243; style=&#8220;load-more&#8220; item=&#8220;basicGrid_SlideFromLeft&#8220; grid_id=&#8220;vc_gid:1699979248970-662428fd-c46d-5&#8243;][\/vc_column][\/vc_row][vc_row full_width=&#8220;stretch_row&#8220; content_placement=&#8220;middle&#8220; css=&#8220;.vc_custom_1595660737555{padding-bottom: 50px !important;background-color: #e8e8e8 !important;}&#8220;][vc_column width=&#8220;1\/2&#8243;][vc_single_image image=&#8220;564&#8243; img_size=&#8220;full&#8220;][\/vc_column][vc_column width=&#8220;1\/2&#8243;][vc_column_text]<\/p>\n<h3>SINERGY AREA<\/h3>\n<p>Ein sehr viel effizienteres Arbeitskonzept, das es Ihnen erm\u00f6glicht, Ihr eigenes Unternehmen in einem gemeinsam genutzten Raum zu betreiben, die Gesch\u00e4ftskosten zu senken, den st\u00e4ndigen Kontakt mit den f\u00fcr die Entwicklung Ihrer speziellen T\u00e4tigkeit relevanten Personen zu erleichtern und die Beziehungen zum Markt und zu neuen Kunden zu f\u00f6rdern.<\/p>\n<p>Ein kollaborativer Raum, gleichbedeutend mit Qualit\u00e4t, Sicherheit und Komfort, mit einem Multiplikatoreffekt f\u00fcr die Entwicklung der Gesch\u00e4ftsaktivit\u00e4ten der angeschlossenen Fachleute. Ein Bereich, in dem die Zusammenarbeit zwischen den Fachleuten, die diesen Raum bewohnen, und die Allianzen, die zwischen ihnen entstehen werden, es erm\u00f6glichen, sofort auf die Bed\u00fcrfnisse der Projekte zu reagieren und deren Qualit\u00e4t und Geschwindigkeit zu verbessern.<\/p>\n<p>Alle Mitglieder der Homey Group geh\u00f6ren dem Architektur- und Bausektor an, es handelt sich also um ein absolut professionelles, multidisziplin\u00e4res, kooperatives und dynamisches Umfeld.<\/p>\n<p>Erfahren Sie mehr \u00fcber unsere R\u00e4ume und die von uns angebotenen Pakete.[\/vc_column_text][vc_empty_space height=&#8220;20px&#8220;][vc_btn title=&#8220;M\u00c1S INFORMACI\u00d3N&#8220; style=&#8220;3d&#8220; shape=&#8220;square&#8220; color=&#8220;inverse&#8220; link=&#8220;url:https%3A%2F%2Fhomeygroupmallorca.com%2Fhomey-group%2F|title:HOMEY%20ESTUDIO|target:%20_blank|&#8220;][\/vc_column][\/vc_row][vc_row full_width=&#8220;stretch_row&#8220; css=&#8220;.vc_custom_1595659532965{padding-bottom: 30px !important;background-color: #303030 !important;}&#8220;][vc_column][vc_column_text]<\/p>\n<h3 style=\"text-align: center; color: #ffffff;\">EMPRESAS COLABORADORAS<\/h3>\n<p>[\/vc_column_text][\/vc_column][\/vc_row][vc_row full_width=&#8220;stretch_row_content&#8220; css=&#8220;.vc_custom_1598003742163{background-color: #303030 !important;}&#8220;][vc_column width=&#8220;1\/5&#8243;][vc_single_image image=&#8220;443&#8243; alignment=&#8220;center&#8220;][\/vc_column][vc_column width=&#8220;1\/5&#8243;][vc_single_image image=&#8220;453&#8243; alignment=&#8220;center&#8220;][\/vc_column][vc_column width=&#8220;1\/5&#8243;][vc_single_image image=&#8220;455&#8243; alignment=&#8220;center&#8220;][\/vc_column][vc_column width=&#8220;1\/5&#8243;][vc_single_image image=&#8220;445&#8243; alignment=&#8220;center&#8220;][\/vc_column][vc_column width=&#8220;1\/5&#8243;][vc_single_image image=&#8220;451&#8243; alignment=&#8220;center&#8220;][\/vc_column][\/vc_row][vc_row full_width=&#8220;stretch_row_content&#8220; css=&#8220;.vc_custom_1598003742163{background-color: #303030 !important;}&#8220;][vc_column width=&#8220;1\/5&#8243;][vc_single_image image=&#8220;457&#8243; img_size=&#8220;full&#8220; alignment=&#8220;center&#8220;][\/vc_column][vc_column width=&#8220;1\/5&#8243;][vc_single_image image=&#8220;449&#8243; alignment=&#8220;center&#8220;][\/vc_column][vc_column width=&#8220;1\/5&#8243;][vc_single_image image=&#8220;447&#8243; alignment=&#8220;center&#8220;][\/vc_column][vc_column width=&#8220;1\/5&#8243;][vc_single_image image=&#8220;459&#8243; img_size=&#8220;full&#8220; alignment=&#8220;center&#8220;][\/vc_column][vc_column width=&#8220;1\/5&#8243;][vc_single_image image=&#8220;441&#8243; alignment=&#8220;center&#8220;][\/vc_column][\/vc_row]<\/p>\n<\/div>","protected":false},"excerpt":{"rendered":"<p>[vc_row css=&#8220;.vc_custom_1595655344468{padding-top: 50px !important;}&#8220;][vc_column][vc_column_text css=&#8220;.vc_custom_1699979264277{padding-bottom: 30px !important;}&#8220;] J\u00dcNGSTE PROJEKTE [\/vc_column_text][vc_masonry_grid post_type=&#8220;portfolio&#8220; max_items=&#8220;6&#8243; style=&#8220;load-more&#8220; item=&#8220;basicGrid_SlideFromLeft&#8220; grid_id=&#8220;vc_gid:1699979248970-662428fd-c46d-5&#8243;][\/vc_column][\/vc_row][vc_row full_width=&#8220;stretch_row&#8220; content_placement=&#8220;middle&#8220; css=&#8220;.vc_custom_1595660737555{padding-bottom: 50px !important;background-color: #e8e8e8 !important;}&#8220;][vc_column width=&#8220;1\/2&#8243;][vc_single_image image=&#8220;564&#8243; img_size=&#8220;full&#8220;][\/vc_column][vc_column width=&#8220;1\/2&#8243;][vc_column_text]<span class=\"excerpt-hellip\"> [\u2026]<\/span><\/p>\n","protected":false},"author":1,"featured_media":0,"parent":0,"menu_order":0,"comment_status":"closed","ping_status":"closed","template":"","meta":{"footnotes":""},"class_list":["post-929","page","type-page","status-publish","hentry"],"_links":{"self":[{"href":"https:\/\/homeygroupmallorca.com\/de\/wp-json\/wp\/v2\/pages\/929","targetHints":{"allow":["GET"]}}],"collection":[{"href":"https:\/\/homeygroupmallorca.com\/de\/wp-json\/wp\/v2\/pages"}],"about":[{"href":"https:\/\/homeygroupmallorca.com\/de\/wp-json\/wp\/v2\/types\/page"}],"author":[{"embeddable":true,"href":"https:\/\/homeygroupmallorca.com\/de\/wp-json\/wp\/v2\/users\/1"}],"replies":[{"embeddable":true,"href":"https:\/\/homeygroupmallorca.com\/de\/wp-json\/wp\/v2\/comments?post=929"}],"version-history":[{"count":2,"href":"https:\/\/homeygroupmallorca.com\/de\/wp-json\/wp\/v2\/pages\/929\/revisions"}],"predecessor-version":[{"id":931,"href":"https:\/\/homeygroupmallorca.com\/de\/wp-json\/wp\/v2\/pages\/929\/revisions\/931"}],"wp:attachment":[{"href":"https:\/\/homeygroupmallorca.com\/de\/wp-json\/wp\/v2\/media?parent=929"}],"curies":[{"name":"wp","href":"https:\/\/api.w.org\/{rel}","templated":true}]}}